{"id":388624,"date":"2022-11-17T14:42:44","date_gmt":"2022-11-17T13:42:44","guid":{"rendered":"https:\/\/gastinel-avocats.fr\/legal-notice-and-credits"},"modified":"2022-12-16T10:26:30","modified_gmt":"2022-12-16T09:26:30","slug":"legal-notice-and-credits","status":"publish","type":"page","link":"https:\/\/gastinel-avocats.fr\/en\/legal-notice-and-credits","title":{"rendered":"Legal Notice and Credits"},"content":{"rendered":"<p>[et_pb_section fb_built=&#8221;1&#8243; custom_padding_last_edited=&#8221;off|desktop&#8221; admin_label=&#8221;Header&#8221; _builder_version=&#8221;4.16&#8243; background_color_gradient_direction=&#8221;188deg&#8221; background_image=&#8221;https:\/\/gastinel-avocats.fr\/wp-content\/uploads\/2022\/11\/art-gallery-55.jpg&#8221; background_size=&#8221;initial&#8221; background_repeat=&#8221;repeat&#8221; width=&#8221;100%&#8221; custom_padding_tablet=&#8221;5vw||5vw||true&#8221; global_colors_info=&#8221;{}&#8221;][et_pb_row custom_padding_last_edited=&#8221;off|phone&#8221; _builder_version=&#8221;4.16&#8243; background_position=&#8221;bottom_center&#8221; custom_padding_tablet=&#8221;17vw||17vw||false&#8221; use_custom_width=&#8221;on&#8221; width_unit=&#8221;off&#8221; custom_width_percent=&#8221;100%&#8221; locked=&#8221;off&#8221; global_colors_info=&#8221;{}&#8221;][et_pb_column type=&#8221;4_4&#8243; _builder_version=&#8221;4.16&#8243; custom_padding=&#8221;|||&#8221; global_colors_info=&#8221;{}&#8221; custom_padding__hover=&#8221;|||&#8221;][et_pb_text _builder_version=&#8221;4.19.2&#8243; text_font=&#8221;||||||||&#8221; header_font=&#8221;Abel|500|||||||&#8221; header_text_align=&#8221;left&#8221; header_text_color=&#8221;#000000&#8243; header_font_size=&#8221;56px&#8221; header_line_height=&#8221;1.3em&#8221; transform_translate_linked=&#8221;off&#8221; max_width=&#8221;100%&#8221; max_width_tablet=&#8221;70%&#8221; max_width_last_edited=&#8221;off|phone&#8221; header_font_size_tablet=&#8221;40px&#8221; header_font_size_phone=&#8221;26px&#8221; header_font_size_last_edited=&#8221;on|desktop&#8221; global_colors_info=&#8221;{}&#8221;]<\/p>\n<h1>Legal Notice and Credits<\/h1>\n<p>[\/et_pb_text][\/et_pb_column][\/et_pb_row][et_pb_row custom_padding_last_edited=&#8221;off|phone&#8221; _builder_version=&#8221;4.16&#8243; background_position=&#8221;bottom_center&#8221; custom_padding=&#8221;||0px|||&#8221; custom_padding_tablet=&#8221;17vw||17vw||false&#8221; use_custom_width=&#8221;on&#8221; width_unit=&#8221;off&#8221; custom_width_percent=&#8221;100%&#8221; locked=&#8221;off&#8221; global_colors_info=&#8221;{}&#8221;][et_pb_column type=&#8221;4_4&#8243; _builder_version=&#8221;4.16&#8243; custom_padding=&#8221;|||&#8221; global_colors_info=&#8221;{}&#8221; custom_padding__hover=&#8221;|||&#8221;][et_pb_text admin_label=&#8221;MENTIONS L\u00c9GALES&#8221; _builder_version=&#8221;4.19.2&#8243; text_font=&#8221;||||||||&#8221; header_font=&#8221;||||||||&#8221; header_2_font=&#8221;Abel|500||on|||||&#8221; header_2_text_align=&#8221;center&#8221; header_2_font_size=&#8221;56px&#8221; header_2_line_height=&#8221;1.3em&#8221; header_3_font=&#8221;|700||on|||||&#8221; header_3_text_align=&#8221;center&#8221; header_3_text_color=&#8221;rgba(0,0,0,0.35)&#8221; header_3_font_size=&#8221;14px&#8221; header_3_letter_spacing=&#8221;5px&#8221; header_3_line_height=&#8221;2em&#8221; transform_translate_linked=&#8221;off&#8221; max_width=&#8221;700px&#8221; max_width_tablet=&#8221;70%&#8221; max_width_last_edited=&#8221;off|phone&#8221; module_alignment=&#8221;center&#8221; header_2_font_size_tablet=&#8221;40px&#8221; header_2_font_size_phone=&#8221;26px&#8221; header_2_font_size_last_edited=&#8221;on|phone&#8221; header_3_font_size_phone=&#8221;10px&#8221; header_3_font_size_last_edited=&#8221;off|desktop&#8221; module_alignment_last_edited=&#8221;off|desktop&#8221; global_colors_info=&#8221;{}&#8221;]<\/p>\n<h3>LEGAL NOTICE<\/h3>\n<p>[\/et_pb_text][\/et_pb_column][\/et_pb_row][et_pb_row custom_padding_last_edited=&#8221;on|30px&#8221; padding_left_right_link_1=&#8221;true&#8221; _builder_version=&#8221;4.19.0&#8243; background_image=&#8221;https:\/\/gastinel-avocats.fr\/wp-content\/uploads\/2022\/11\/cercle-VG-bleu.png&#8221; background_size=&#8221;initial&#8221; background_position=&#8221;top_left&#8221; max_width=&#8221;1280px&#8221; custom_padding=&#8221;30px|30px|30px|30px||true||10px|10px|10px|10px|true|true||on|desktop&#8221; custom_padding_tablet=&#8221;30px|30px|30px|30px||true||10px|10px|10px|10px|true|true||on|desktop&#8221; custom_padding_phone=&#8221;10px|10px|10px|10px|true|true||10px|10px|10px|10px|true|true||on|desktop&#8221; global_colors_info=&#8221;{}&#8221;][et_pb_column type=&#8221;4_4&#8243; _builder_version=&#8221;4.16&#8243; background_size=&#8221;initial&#8221; background_position=&#8221;top_left&#8221; custom_padding=&#8221;|||&#8221; custom_padding_phone=&#8221;10px|10px|10px|10px|true|true&#8221; custom_padding_last_edited=&#8221;off|desktop&#8221; global_colors_info=&#8221;{}&#8221; custom_padding__hover=&#8221;|||&#8221;][et_pb_text admin_label=&#8221;Site h\u00e9berg\u00e9 par OVH RCS Roubaix \u2013 Tourcoing 424 761 419 00045 Si\u00e8ge social : 2 rue Kellermann \u2013 59100 Roubaix \u2013 France www.ovh.com&#8221; _builder_version=&#8221;4.19.2&#8243; _module_preset=&#8221;default&#8221; text_font=&#8221;Abel||||||||&#8221; text_text_color=&#8221;#666666&#8243; text_font_size=&#8221;19px&#8221; link_font=&#8221;Abel||||||||&#8221; link_text_color=&#8221;#666666&#8243; background_color=&#8221;#FFFFFF&#8221; custom_padding=&#8221;50px|20px|50px|50px|false|false&#8221; border_radii=&#8221;off||||90px&#8221; box_shadow_style=&#8221;preset3&#8243; global_colors_info=&#8221;{}&#8221;]<\/p>\n<p><strong>Website hosted by OVH<\/strong><br \/>RCS Roubaix \u2013 Tourcoing 424 761 419 00045<br \/><strong>Head office :<\/strong> 2 rue Kellermann \u2013 59100 Roubaix \u2013 France www.ovh.com<br \/><strong>Website edited by SELARL VAL\u00c9RIE GASTINEL<\/strong><br \/><strong>Responsible for publication :<\/strong><br \/>Val\u00e9rie Gastinel<br \/>5 rue Fran\u00e7ois Ponsard<br \/>75116 Paris | France<br \/>Tel: + 33 (0)1 45 05 46 80<br \/><a title=\"Write to us\" href=\"mailto:vg@gastinel-avocats.com\" target=\"_blank\" rel=\"noopener\">vg@gastinel-avocats.com<\/a><\/p>\n<p>[\/et_pb_text][\/et_pb_column][\/et_pb_row][\/et_pb_section][et_pb_section fb_built=&#8221;1&#8243; custom_padding_last_edited=&#8221;off|desktop&#8221; admin_label=&#8221;2&#8243; _builder_version=&#8221;4.19.0&#8243; background_color_gradient_direction=&#8221;188deg&#8221; background_image=&#8221;https:\/\/gastinel-avocats.fr\/wp-content\/uploads\/2022\/11\/art-gallery-55.jpg&#8221; background_size=&#8221;initial&#8221; background_repeat=&#8221;repeat&#8221; width=&#8221;100%&#8221; custom_padding_tablet=&#8221;5vw||5vw||true&#8221; global_colors_info=&#8221;{}&#8221;][et_pb_row custom_padding_last_edited=&#8221;off|phone&#8221; _builder_version=&#8221;4.19.0&#8243; background_position=&#8221;bottom_center&#8221; custom_padding=&#8221;16px||0px|||&#8221; custom_padding_tablet=&#8221;17vw||17vw||false&#8221; use_custom_width=&#8221;on&#8221; width_unit=&#8221;off&#8221; custom_width_percent=&#8221;100%&#8221; locked=&#8221;off&#8221; global_colors_info=&#8221;{}&#8221;][et_pb_column type=&#8221;4_4&#8243; _builder_version=&#8221;4.16&#8243; custom_padding=&#8221;|||&#8221; global_colors_info=&#8221;{}&#8221; custom_padding__hover=&#8221;|||&#8221;][et_pb_text admin_label=&#8221;CR\u00c9DITS&#8221; _builder_version=&#8221;4.19.0&#8243; text_font=&#8221;||||||||&#8221; header_font=&#8221;||||||||&#8221; header_2_font=&#8221;Abel|500||on|||||&#8221; header_2_text_align=&#8221;center&#8221; header_2_font_size=&#8221;56px&#8221; header_2_line_height=&#8221;1.3em&#8221; header_3_font=&#8221;|700||on|||||&#8221; header_3_text_align=&#8221;center&#8221; header_3_text_color=&#8221;rgba(0,0,0,0.35)&#8221; header_3_font_size=&#8221;14px&#8221; header_3_letter_spacing=&#8221;5px&#8221; header_3_line_height=&#8221;2em&#8221; transform_translate_linked=&#8221;off&#8221; max_width=&#8221;700px&#8221; max_width_tablet=&#8221;70%&#8221; max_width_last_edited=&#8221;off|phone&#8221; module_alignment=&#8221;center&#8221; header_2_font_size_tablet=&#8221;40px&#8221; header_2_font_size_phone=&#8221;26px&#8221; header_2_font_size_last_edited=&#8221;on|phone&#8221; header_3_font_size_phone=&#8221;10px&#8221; header_3_font_size_last_edited=&#8221;off|desktop&#8221; module_alignment_last_edited=&#8221;off|desktop&#8221; global_colors_info=&#8221;{}&#8221;]<\/p>\n<h3>CREDITS<\/h3>\n<p>&nbsp;<\/p>\n<p>[\/et_pb_text][\/et_pb_column][\/et_pb_row][et_pb_row custom_padding_last_edited=&#8221;on|30px&#8221; padding_left_right_link_1=&#8221;true&#8221; _builder_version=&#8221;4.19.0&#8243; background_image=&#8221;https:\/\/gastinel-avocats.fr\/wp-content\/uploads\/2022\/11\/cercle-VG-jaune.png&#8221; background_size=&#8221;initial&#8221; background_position=&#8221;top_left&#8221; max_width=&#8221;1280px&#8221; custom_padding=&#8221;42px|30px|30px|30px||true&#8221; custom_padding_tablet=&#8221;30px|30px|30px|30px||true||10px|10px|10px|10px|true|true||on|desktop&#8221; custom_padding_phone=&#8221;10px|10px|10px|10px|true|true||10px|10px|10px|10px|true|true||on|desktop&#8221; global_colors_info=&#8221;{}&#8221;][et_pb_column type=&#8221;4_4&#8243; _builder_version=&#8221;4.16&#8243; background_size=&#8221;initial&#8221; background_position=&#8221;top_left&#8221; custom_padding=&#8221;|||&#8221; custom_padding_phone=&#8221;10px|10px|10px|10px|true|true&#8221; custom_padding_last_edited=&#8221;off|desktop&#8221; global_colors_info=&#8221;{}&#8221; custom_padding__hover=&#8221;|||&#8221;][et_pb_text admin_label=&#8221;Conception, r\u00e9alisation, d\u00e9veloppement du site, PAO et illustrations&#8230;&#8221; _builder_version=&#8221;4.19.3&#8243; _module_preset=&#8221;default&#8221; text_font=&#8221;Abel||||||||&#8221; text_text_color=&#8221;#666666&#8243; text_font_size=&#8221;19px&#8221; link_font=&#8221;Abel||||||||&#8221; link_text_color=&#8221;#666666&#8243; link_font_size=&#8221;19px&#8221; background_color=&#8221;#FFFFFF&#8221; custom_padding=&#8221;50px|20px|50px|50px|false|false&#8221; hover_enabled=&#8221;0&#8243; border_radii=&#8221;off||||90px&#8221; box_shadow_style=&#8221;preset3&#8243; global_colors_info=&#8221;{}&#8221; sticky_enabled=&#8221;0&#8243;]<\/p>\n<p><strong>Design, production, development of the site<br \/>PAO and illustrations<\/strong><br \/><a href=\"https:\/\/lamecanoweb.fr\/\" target=\"_blank\" rel=\"noopener\" title=\"lamecanoweb.fr\">LA MECANOWEB<\/a><\/p>\n<p><strong>Portraits of Val\u00e9rie Gastinel<\/strong><br \/><a href=\"http:\/\/www.margueritebourgoin.com\" target=\"_blank\" rel=\"noopener\" title=\"Website\">Marguerite Bourgoin<\/a><br \/>Sylvia Galmot<\/p>\n<p><strong>Photography<\/strong><br \/>Val\u00e9rie Gastinel<br \/><a href=\"https:\/\/lulu-images.com\/\" target=\"_blank\" rel=\"noopener\" title=\"lulu-images.com\"><\/a><\/p>\n<p><strong>Video<\/strong><br \/>Pixabay<\/p>\n<p>&nbsp;<\/p>\n<p>[\/et_pb_text][\/et_pb_column][\/et_pb_row][\/et_pb_section]<\/p>\n","protected":false},"excerpt":{"rendered":"<p>Legal Notice and CreditsLEGAL NOTICEWebsite hosted by OVHRCS Roubaix \u2013 Tourcoing 424 761 419 00045Head office : 2 rue Kellermann \u2013 59100 Roubaix \u2013 France www.ovh.comWebsite edited by SELARL VAL\u00c9RIE GASTINELResponsible for publication :Val\u00e9rie Gastinel5 rue Fran\u00e7ois Ponsard75116 Paris | FranceTel: + 33 (0)1 45 05 46 80vg@gastinel-avocats.comCREDITS &nbsp;Design, production, development of the sitePAO and [&hellip;]<\/p>\n","protected":false},"author":1,"featured_media":0,"parent":0,"menu_order":0,"comment_status":"closed","ping_status":"closed","template":"","meta":{"_seopress_robots_primary_cat":"","_seopress_titles_title":"Legal Notice and Credits","_seopress_titles_desc":"","_seopress_robots_index":"","_et_pb_use_builder":"on","_et_pb_old_content":"","_et_gb_content_width":"","footnotes":""},"class_list":["post-388624","page","type-page","status-publish","hentry"],"_links":{"self":[{"href":"https:\/\/gastinel-avocats.fr\/en\/wp-json\/wp\/v2\/pages\/388624","targetHints":{"allow":["GET"]}}],"collection":[{"href":"https:\/\/gastinel-avocats.fr\/en\/wp-json\/wp\/v2\/pages"}],"about":[{"href":"https:\/\/gastinel-avocats.fr\/en\/wp-json\/wp\/v2\/types\/page"}],"author":[{"embeddable":true,"href":"https:\/\/gastinel-avocats.fr\/en\/wp-json\/wp\/v2\/users\/1"}],"replies":[{"embeddable":true,"href":"https:\/\/gastinel-avocats.fr\/en\/wp-json\/wp\/v2\/comments?post=388624"}],"version-history":[{"count":7,"href":"https:\/\/gastinel-avocats.fr\/en\/wp-json\/wp\/v2\/pages\/388624\/revisions"}],"predecessor-version":[{"id":389019,"href":"https:\/\/gastinel-avocats.fr\/en\/wp-json\/wp\/v2\/pages\/388624\/revisions\/389019"}],"wp:attachment":[{"href":"https:\/\/gastinel-avocats.fr\/en\/wp-json\/wp\/v2\/media?parent=388624"}],"curies":[{"name":"wp","href":"https:\/\/api.w.org\/{rel}","templated":true}]}}